{"id":8510,"date":"2020-11-13T11:20:23","date_gmt":"2020-11-13T11:20:23","guid":{"rendered":"https:\/\/setasencasa.com\/?page_id=8510"},"modified":"2020-11-13T11:20:23","modified_gmt":"2020-11-13T11:20:23","slug":"politica-de-cookies","status":"publish","type":"page","link":"https:\/\/setasencasa.com\/ca\/politica-de-cookies\/","title":{"rendered":"Pol\u00edtica de cookies"},"content":{"rendered":"<section class=\"wpb-content-wrapper\"><p>[vc_row][vc_column][vc_column_text]<\/p>\n<p class=\"p3\"><b>1.1 Pol\u00edtica de cookies<\/b><\/p>\n<p class=\"p3\">Treserras Multimedia SL. propietaria de la marca Maitake.bio (en adelante Maitake.bio) comunica a los usuarios a trav\u00e9s de este aviso, que utiliza cookies cuando el usuario navega por las diferentes p\u00e1ginas de nuestra p\u00e1gina web.<\/p>\n<p class=\"p3\"><i>\u00bfQu\u00e9 es una cookie?<\/i><\/p>\n<p class=\"p3\">Las cookies son una peque\u00f1a pieza de informaci\u00f3n enviada por nuestro sitio web, las cuales son almacenadas en el navegador del usuario, de esta manera nos aporta informaci\u00f3n an\u00f3nima que nos ayuda a mejorar la calidad de nuestra p\u00e1gina web, ofreciendo un servicio m\u00e1s personalizado, aprender sobre los gustos y preferencias de nuestros visitantes y facilitar la navegaci\u00f3n por nuestro sitio web.<\/p>\n<p class=\"p3\"><i>\u00bfPara qu\u00e9 se utilizan las cookies en este sitio web?<\/i><\/p>\n<p class=\"p3\">Las cookies son una parte esencial de c\u00f3mo funciona nuestro sitio web. El objetivo principal de nuestras cookies es mejorar su experiencia en la navegaci\u00f3n. Por ejemplo, a recordar sus preferencias (idioma, pa\u00eds, etc.) durante la navegaci\u00f3n y en futuras visitas. La informaci\u00f3n recogida en las cookies nos permite adem\u00e1s mejorar la web, mediante estimaciones sobre n\u00fameros y patrones de uso, la adaptaci\u00f3n del sitio web a los intereses individuales de los usuarios, la aceleraci\u00f3n de las b\u00fasquedas, etc. En ocasiones, si hemos obtenido su previo consentimiento informado, podremos utilizar cookies, tags u otros dispositivos similares para obtener informaci\u00f3n que nos permita mostrarle desde nuestro sitio web, los de terceros, o cualquier otro medio, publicidad basada en el an\u00e1lisis de sus h\u00e1bitos de navegaci\u00f3n.<\/p>\n<p class=\"p3\"><i>\u00bfPara qu\u00e9 NO se utilizan las cookies en esta web?<\/i><\/p>\n<p class=\"p3\">Nosotros no almacenamos informaci\u00f3n sensible de identificaci\u00f3n personal como su direcci\u00f3n, su contrase\u00f1a, los datos de su tarjeta de cr\u00e9dito o d\u00e9bito, etc., en las cookies que utilizamos.<\/p>\n<p class=\"p3\"><i>\u00bfC\u00f3mo puedo evitar el uso de cookies en este sitio web?<\/i><\/p>\n<p class=\"p3\">La mayor\u00eda de navegadores generalmente le permitir\u00e1n cambiar mediante la barra de herramientas las caracter\u00edsticas de su navegador para que \u00e9ste no acepte &#8220;cookies&#8221; o le avise en el momento de su uso. Si usted desactiva las cookies de su navegador puede que parte de nuestro sitio web no operar\u00e1 correctamente.<\/p>\n<p class=\"p3\">Ejemplo de c\u00f3mo configurar las cookies en sus navegadores:<\/p>\n<p class=\"p4\">\u2022 Microsoft Internet Explorer, en la opci\u00f3n de men\u00fa Herramientas &gt; Opciones de Internet &gt; Privacidad &gt; Configuraci\u00f3n.<\/p>\n<p class=\"p4\">\u2022 Chrome, en la opci\u00f3n de men\u00fa Herramientas&gt; Configuraci\u00f3n &gt; Privacidad &gt; Configuraci\u00f3n de contenido &gt; Cookies.<\/p>\n<p class=\"p4\">\u2022 Firefox, en la opci\u00f3n de men\u00fa Herramientas &gt; Opciones &gt; Privacidad &gt; Cookies.<\/p>\n<p class=\"p4\">\u2022 Opera, en la opci\u00f3n de Opciones &gt; Avanzado &gt; Cookies<\/p>\n<p class=\"p3\">Para modificar las opciones en otros navegadores, consulte las instrucciones del navegador.<\/p>\n<p class=\"p3\"><i>\u00bfQu\u00e9 cookies concretas utiliza este sitio web y para qu\u00e9 finalidades?<\/i><\/p>\n<p class=\"p3\">El sitio web de Maitake.bio utiliza dos tipos de cookies:<\/p>\n<p class=\"p4\">\u2022 Cookies de sesi\u00f3n: son cookies temporales que permanecen en el archivo de cookies de su navegador mientras est\u00e1 en nuestra p\u00e1gina web.<\/p>\n<p class=\"p4\">\u2022 Cookies permanentes: favorecen la experiencia y navegaci\u00f3n como usuario (ofrecen una navegaci\u00f3n personalizada, por ejemplo recordando sus preferencias de idiomas del sitio web).<\/p>\n<p class=\"p3\">A continuaci\u00f3n se muestra una relaci\u00f3n de las cookies utilizadas por Maitake.bio con la finalidad de recopilar informaci\u00f3n estad\u00edstica y facilitar el proceso de compra de nuestros usuarios.<\/p>\n<p class=\"p3\"><b>1.2 Relaci\u00f3n y descripci\u00f3n de cookies<\/b><\/p>\n<p class=\"p3\"><b>Google Analytics:<\/b><\/p>\n<p class=\"p3\">__utma Google Analytics Permanente: dos a\u00f1os a partir de la configuraci\u00f3n o actualizaci\u00f3n Se usa para distinguir usuarios y sesiones.<\/p>\n<p class=\"p3\">__utmz Google Analytics Permanente: Seis meses a partir de la configuraci\u00f3n o actualizaci\u00f3n Almacena la fuente de tr\u00e1fico o la campa\u00f1a que explica c\u00f3mo ha llegado el usuario al sitio.<\/p>\n<p class=\"p3\"><b>Cookies en el front-end sin estar registrado:<\/b><\/p>\n<p class=\"p3\">wordpress_test_cookie \u2013 en esta cookie WordPress comprueba y guarda si las cookies est\u00e1n activadas en el navegador. T\u00e9cnica de sesi\u00f3n. Necesaria.<\/p>\n<p class=\"p3\">Cookies cuando se inicia sesi\u00f3n.<\/p>\n<p class=\"p3\">wordpress_[hash] \u2013 cookie restringida al \u00e1rea de administraci\u00f3n (wp-admin). No se ve en el frontend incluso estando registrado. Guarda tus datos de acceso. T\u00e9cnica de sesi\u00f3n. Necesaria.<\/p>\n<p class=\"p3\">wordpress_sec_[hash] \u2013 lo mismo que la anterior (de hecho creo que la sustituye). Necesaria.<\/p>\n<p class=\"p3\">wordpress_logged_in_[hash] \u2013 Guarda quien eres mientras est\u00e1s registrado y lo usa WordPress para su interfaz. T\u00e9cnica de sesi\u00f3n. Necesaria.<\/p>\n<p class=\"p3\">wp-settings-{time}-[UID] \u2013 Guarda tus configuraciones de la zona de administraci\u00f3n e incluso del frontend. UID es tu ID de usuario en WordPress. T\u00e9cnica persistente. Tiempo por defecto 1 a\u00f1o. Necesaria.<\/p>\n<p class=\"p3\">wp-settings-[UID] \u2013 como la anterior. Guarda tus configuraciones de la zona de administraci\u00f3n e incluso del frontend. UID es tu ID de usuario.<\/p>\n<p class=\"p3\">T\u00e9cnica persistente. Tiempo por defecto 1 a\u00f1o.<\/p>\n<p class=\"p3\">wp-postpass_[hash] \u2013 Cookie donde se guarda el acceso a p\u00e1ginas protegidas con contrase\u00f1a. T\u00e9cnica persistente. Tiempo por defecto 10 d\u00edas.<\/p>\n<p class=\"p3\"><b>Cookies de Comentarios:<\/b><\/p>\n<p class=\"p3\">comment_author_[hash] \u2013 para recordar el nombre del que realiza el comentario. T\u00e9cnica persistente. Duraci\u00f3n 347 d\u00edas.<\/p>\n<p class=\"p3\">comment_author_email_[hash] \u2013 para recordar el email del que realiza el comentario. T\u00e9cnica persistente. Duraci\u00f3n 347 d\u00edas.<\/p>\n<p class=\"p3\">comment_author_url_[hash] \u2013 para recordar la url del que realiza el comentario. T\u00e9cnica persistente. Duraci\u00f3n 347 d\u00edas.<\/p>\n<p class=\"p3\"><b>Woocommerce:<\/b><\/p>\n<p class=\"p3\">woocommerce_cart_hash session Helps WooCommerce determine when cart contents\/data changes.<\/p>\n<p class=\"p3\">woocommerce_items_in_cart session Helps WooCommerce determine when cart contents\/data changes.<\/p>\n<p class=\"p3\">wp_woocommerce_session_ 2 days Contains a unique code for each customer so that it knows where to find the cart data in the database for each customer.<\/p>\n<p class=\"p3\">woocommerce_recently_viewed session Powers the Recent Viewed Products widget.<\/p>\n<p class=\"p3\">store_notice[notice id] session Allows customers to dismiss the Store Notice.<\/p>\n<div id=\"gtx-trans\" style=\"position: absolute; left: 155px; top: -10px;\">\n<div class=\"gtx-trans-icon\"><\/div>\n<\/div>\n<p>[\/vc_column_text][\/vc_column][\/vc_row]<\/p>\n<\/section>","protected":false},"excerpt":{"rendered":"<p>[vc_row][vc_column][vc_column_text] 1.1 Pol\u00edtica de cookies Treserras Multimedia SL. propietaria de la marca Maitake.bio (en adelante Maitake.bio) comunica a los usuarios a trav\u00e9s de este aviso, que utiliza cookies cuando el usuario navega por las diferentes p\u00e1ginas de nuestra p\u00e1gina web. \u00bfQu\u00e9 es una cookie? Las cookies son una peque\u00f1a pieza de informaci\u00f3n enviada por nuestro [&hellip;]<\/p>\n","protected":false},"author":1,"featured_media":0,"parent":0,"menu_order":0,"comment_status":"closed","ping_status":"closed","template":"","meta":{"footnotes":""},"yst_prominent_words":[],"class_list":["post-8510","page","type-page","status-publish","hentry"],"_links":{"self":[{"href":"https:\/\/setasencasa.com\/ca\/wp-json\/wp\/v2\/pages\/8510","targetHints":{"allow":["GET"]}}],"collection":[{"href":"https:\/\/setasencasa.com\/ca\/wp-json\/wp\/v2\/pages"}],"about":[{"href":"https:\/\/setasencasa.com\/ca\/wp-json\/wp\/v2\/types\/page"}],"author":[{"embeddable":true,"href":"https:\/\/setasencasa.com\/ca\/wp-json\/wp\/v2\/users\/1"}],"replies":[{"embeddable":true,"href":"https:\/\/setasencasa.com\/ca\/wp-json\/wp\/v2\/comments?post=8510"}],"version-history":[{"count":1,"href":"https:\/\/setasencasa.com\/ca\/wp-json\/wp\/v2\/pages\/8510\/revisions"}],"predecessor-version":[{"id":8511,"href":"https:\/\/setasencasa.com\/ca\/wp-json\/wp\/v2\/pages\/8510\/revisions\/8511"}],"wp:attachment":[{"href":"https:\/\/setasencasa.com\/ca\/wp-json\/wp\/v2\/media?parent=8510"}],"wp:term":[{"taxonomy":"yst_prominent_words","embeddable":true,"href":"https:\/\/setasencasa.com\/ca\/wp-json\/wp\/v2\/yst_prominent_words?post=8510"}],"curies":[{"name":"wp","href":"https:\/\/api.w.org\/{rel}","templated":true}]}}