{"id":8492,"date":"2020-11-12T15:08:52","date_gmt":"2020-11-12T15:08:52","guid":{"rendered":"https:\/\/setasencasa.com\/?page_id=8492"},"modified":"2020-12-19T16:34:49","modified_gmt":"2020-12-19T16:34:49","slug":"avis-legal","status":"publish","type":"page","link":"https:\/\/setasencasa.com\/ca\/avis-legal\/","title":{"rendered":"Av\u00eds Legal"},"content":{"rendered":"<section class=\"wpb-content-wrapper\"><p>[vc_row][vc_column][vc_column_text]<\/p>\n<p class=\"p3\"><b>1. Aviso Legal<\/b><\/p>\n<p class=\"p4\"><b>1.1 Identificaci\u00f3n de Maitake.bio<\/b><\/p>\n<p class=\"p4\">Maitake.bio es un portal registrado propiedad de Treserras Multimedia SL. El titular de este sitio web es Treserras Multimedia SL (en adelante Maitake.bio), sociedad espa\u00f1ola con domicilio social en Mas el Garet Nou s\/n &#8211; 08550 Els Hostalets de Baleny\u00e0, N.I.F. n\u00famero B66358680 e Inscrita en el Registro Mercantil de BARCELONA n. 14118066, tomo 44500, folio 69, hoja n\u00famero 457971 inscripci\u00f3n primera, con NIF B66358680 y CNAE 4621.<\/p>\n<p class=\"p4\"><b>1.2 Derechos de propiedad intelectual<\/b><\/p>\n<p class=\"p4\">Queda prohibida cualquier modalidad de explotaci\u00f3n, es decir, la reproducci\u00f3n, distribuci\u00f3n, cesi\u00f3n a terceros, comunicaci\u00f3n p\u00fablica y transformaci\u00f3n sin la autorizaci\u00f3n previa y expresa de la empresa. Se proh\u00edbe la divulgaci\u00f3n, utilizaci\u00f3n, transmisi\u00f3n, distribuci\u00f3n, reproducci\u00f3n y transformaci\u00f3n, total o parcial, en cualquier soporte o medio, de los contenidos de este website (incluyendo textos, datos, gr\u00e1ficos, sonidos, v\u00eddeos, logotipos), sin el previo y expreso consentimiento de Maitake.bio salvo que se indique lo contrario o su uso sea a t\u00edtulo personal y no vulnere los derechos reconocidos a la empresa por la legislaci\u00f3n vigente. El incumplimiento de esta prohibici\u00f3n podr\u00e1 constituir infracci\u00f3n sancionable por la legislaci\u00f3n vigente.<\/p>\n<p class=\"p4\"><b>1.3 Garant\u00edas y responsabilidades<\/b><\/p>\n<p class=\"p4\">Maitake.bio no garantiza el acceso continuo a los contenidos de su p\u00e1gina Web, ni la ausencia de virus y\/o dem\u00e1s componentes da\u00f1inos en el website o en sus servidores, ni tampoco su correcta visualizaci\u00f3n o descarga que puede verse impedida, dificultada o interrumpida por factores o circunstancias ajenas a la empresa.<\/p>\n<p class=\"p4\">Maitake.bio no se responsabiliza de posibles da\u00f1os o perjuicios producidos por interferencias, interrupciones o desconexiones en el sistema que sean ajenos a su control ni tampoco de posibles da\u00f1os causados en el sistema inform\u00e1tico del usuario (hardware y software) como consecuencia del acceso a la website. Por tanto, el acceso a nuestra p\u00e1gina Web y la navegaci\u00f3n por la misma se hace bajo la responsabilidad del usuario.<\/p>\n<p class=\"p4\">Maitake.bio no asume ning\u00fan tipo de responsabilidad por los contenidos de los enlaces de terceros a los que se haga referencia en la Web.<\/p>\n<p class=\"p4\"><b>1.4 Duraci\u00f3n y modificaci\u00f3n<\/b><\/p>\n<p class=\"p4\">La compa\u00f1\u00eda se reserva el derecho a modificar y\/o actualizar los t\u00e9rminos y condiciones establecidos en esta Web as\u00ed como sus contenidos. De manera que la vigencia temporal de estas condiciones quedar\u00e1 limitada al tiempo de su exposici\u00f3n.<\/p>\n<p class=\"p4\"><b>1.5 Fuero aplicable<\/b><\/p>\n<p class=\"p4\">Para cualquier controversia o reclamaci\u00f3n procedente o relacionada con estas condiciones de uso, Maitake.bio y el Usuario, con renuncia expresa a cualquier otro fuero, se someten al de los juzgados y tribunales del domicilio del usuario. En el caso de que el Usuario tenga su domicilio fuera de Espa\u00f1a, Maitake.bio y el usuario se someten, con renuncia expresa a cualquier otro fuero, a los juzgados y tribunales de la ciudad de Vic (Espa\u00f1a). Si alguna de las estipulaciones contendidas en estas condiciones de uso es declarada ilegal, nula o declarada inaplicable por decisi\u00f3n judicial, el resto de las estipulaciones seguir\u00e1n en pleno vigor y efecto.<\/p>\n<div id=\"gtx-trans\" style=\"position: absolute; left: 515px; top: 214px;\">\n<div class=\"gtx-trans-icon\"><\/div>\n<\/div>\n<p>[\/vc_column_text][\/vc_column][\/vc_row]<\/p>\n<\/section>","protected":false},"excerpt":{"rendered":"<p>[vc_row][vc_column][vc_column_text] 1. Aviso Legal 1.1 Identificaci\u00f3n de Maitake.bio Maitake.bio es un portal registrado propiedad de Treserras Multimedia SL. El titular de este sitio web es Treserras Multimedia SL (en adelante Maitake.bio), sociedad espa\u00f1ola con domicilio social en Mas el Garet Nou s\/n &#8211; 08550 Els Hostalets de Baleny\u00e0, N.I.F. n\u00famero B66358680 e Inscrita en el [&hellip;]<\/p>\n","protected":false},"author":1,"featured_media":0,"parent":0,"menu_order":0,"comment_status":"closed","ping_status":"closed","template":"","meta":{"footnotes":""},"yst_prominent_words":[],"class_list":["post-8492","page","type-page","status-publish","hentry"],"_links":{"self":[{"href":"https:\/\/setasencasa.com\/ca\/wp-json\/wp\/v2\/pages\/8492","targetHints":{"allow":["GET"]}}],"collection":[{"href":"https:\/\/setasencasa.com\/ca\/wp-json\/wp\/v2\/pages"}],"about":[{"href":"https:\/\/setasencasa.com\/ca\/wp-json\/wp\/v2\/types\/page"}],"author":[{"embeddable":true,"href":"https:\/\/setasencasa.com\/ca\/wp-json\/wp\/v2\/users\/1"}],"replies":[{"embeddable":true,"href":"https:\/\/setasencasa.com\/ca\/wp-json\/wp\/v2\/comments?post=8492"}],"version-history":[{"count":4,"href":"https:\/\/setasencasa.com\/ca\/wp-json\/wp\/v2\/pages\/8492\/revisions"}],"predecessor-version":[{"id":8709,"href":"https:\/\/setasencasa.com\/ca\/wp-json\/wp\/v2\/pages\/8492\/revisions\/8709"}],"wp:attachment":[{"href":"https:\/\/setasencasa.com\/ca\/wp-json\/wp\/v2\/media?parent=8492"}],"wp:term":[{"taxonomy":"yst_prominent_words","embeddable":true,"href":"https:\/\/setasencasa.com\/ca\/wp-json\/wp\/v2\/yst_prominent_words?post=8492"}],"curies":[{"name":"wp","href":"https:\/\/api.w.org\/{rel}","templated":true}]}}