{"id":6143,"date":"2020-05-27T16:22:50","date_gmt":"2020-05-27T16:22:50","guid":{"rendered":"http:\/\/34.91.154.42\/?page_id=6143"},"modified":"2022-02-11T12:40:01","modified_gmt":"2022-02-11T12:40:01","slug":"agricultura-ecologica","status":"publish","type":"page","link":"https:\/\/setasencasa.com\/ca\/agricultura-ecologica\/","title":{"rendered":"Eco"},"content":{"rendered":"<section class=\"wpb-content-wrapper\"><p>[vc_row full_height=&#8221;yes&#8221; columns_placement=&#8221;stretch&#8221; equal_height=&#8221;yes&#8221; content_placement=&#8221;middle&#8221; columns_height=&#8221;adjust_cols_height&#8221; font_color=&#8221;#ffffff&#8221; background_style=&#8221;normal&#8221; css=&#8221;.vc_custom_1590600438028{background-color: #545454 !important;}&#8221;][vc_column css=&#8221;.vc_custom_1590598427843{background-image: url(https:\/\/setasencasa.com\/wp-content\/uploads\/2020\/05\/som-eco-2.jpg?id=6154) !important;background-position: center !important;background-repeat: no-repeat !important;background-size: cover !important;}&#8221; offset=&#8221;vc_col-lg-6 vc_col-md-6&#8243;][vc_empty_space height=&#8221;350px&#8221;][\/vc_column][vc_column css=&#8221;.vc_custom_1485446031871{margin-bottom: 0px !important;padding-top: 170px !important;padding-right: 15% !important;padding-bottom: 140px !important;padding-left: 15% !important;}&#8221; offset=&#8221;vc_col-lg-6 vc_col-md-6&#8243;][vc_column_text]<\/p>\n<h2 class=\"page-title on-shop\"><span style=\"color: #ffffff; font-size: smaller;\">Producci\u00f3 ecol\u00f2gica<\/span><\/h2>\n<p>[\/vc_column_text][vc_single_image image=&#8221;4759&#8243; img_size=&#8221;medium&#8221; alignment=&#8221;center&#8221; el_id=&#8221;ccpae-img-logos&#8221;][vc_column_text]<\/p>\n<p style=\"text-align: center;\"><span style=\"color: #ffffff;\"><span class=\"char\" title=\"Em Dash\" data-decimal=\"8212\" data-entity=\"&amp;#8212;\" data-id=\"46410\">\u2014<\/span> Ens dediquem a l\u2019<strong>agricultura ecol\u00f2gica<\/strong>, per aix\u00f2 disposem de certificaci\u00f3 ECO legal per a tota la Uni\u00f3 Europea, expedit pel CCPAE <span class=\"char\" title=\"Em Dash\" data-decimal=\"8212\" data-entity=\"&amp;#8212;\" data-id=\"46410\">\u2014<\/span><\/span><\/p>\n<p>[\/vc_column_text][vc_separator color=&#8221;custom&#8221; accent_color=&#8221;#ffffff&#8221; css=&#8221;.vc_custom_1590600632183{margin-top: 55px !important;margin-bottom: 55px !important;}&#8221;][vc_column_text]<span style=\"color: #ffffff;\">Cultivem sota condicions controlades seguint un model avan\u00e7at d\u2019agricultura que reprodueix el cicle natural. El nostre producte s\u2019entrega fresc, acabat de collir, no manipulat, net i apunt per cuinar. El tens a la teva disposici\u00f3 tot l\u2019any.<\/span><\/p>\n<h5><span style=\"color: #ffffff;\">Som responsables<\/span><\/h5>\n<ul style=\"color: #ffffff;\">\n<li><span style=\"color: #ffffff;\">Nom\u00e9s utilitzem fusta de castanyer i faig de serradores de proximitat.<\/span><\/li>\n<li><span style=\"color: #ffffff;\">Complim la normativa de producci\u00f3 agr\u00e0ria ecol\u00f2gica.<\/span><\/li>\n<li><span style=\"color: #ffffff;\">Part del proc\u00e9s el realitza TebVerd, cooperativa d\u2019ajuda a persones amb disfuncionalitat cognitiva.<\/span><\/li>\n<li><span style=\"color: #ffffff;\">Posem amor i paci\u00e8ncia als nostres cultius.<\/span><\/li>\n<li><span style=\"color: #ffffff;\">Utilitzem la tecnologia per millorar processos.<\/span><\/li>\n<\/ul>\n<p>[\/vc_column_text][vc_row_inner][vc_column_inner][vc_custom_heading text=&#8221;setasencasa.com&#8221; font_container=&#8221;tag:h3|text_align:left|color:%23ffffff&#8221; google_fonts=&#8221;font_family:Nothing%20You%20Could%20Do%3Aregular|font_style:400%20regular%3A400%3Anormal&#8221; css=&#8221;.vc_custom_1590596959900{margin-bottom: 0px !important;}&#8221;][\/vc_column_inner][\/vc_row_inner][vc_separator color=&#8221;custom&#8221; accent_color=&#8221;#ffffff&#8221; css=&#8221;.vc_custom_1590600640389{margin-top: 55px !important;margin-bottom: 55px !important;}&#8221;][\/vc_column][\/vc_row]<\/p>\n<\/section>","protected":false},"excerpt":{"rendered":"<p>[vc_row full_height=&#8221;yes&#8221; columns_placement=&#8221;stretch&#8221; equal_height=&#8221;yes&#8221; content_placement=&#8221;middle&#8221; columns_height=&#8221;adjust_cols_height&#8221; font_color=&#8221;#ffffff&#8221; background_style=&#8221;normal&#8221; css=&#8221;.vc_custom_1590600438028{background-color: #545454 !important;}&#8221;][vc_column css=&#8221;.vc_custom_1590598427843{background-image: url(https:\/\/setasencasa.com\/wp-content\/uploads\/2020\/05\/som-eco-2.jpg?id=6154) !important;background-position: center !important;background-repeat: no-repeat !important;background-size: cover !important;}&#8221; offset=&#8221;vc_col-lg-6 vc_col-md-6&#8243;][vc_empty_space height=&#8221;350px&#8221;][\/vc_column][vc_column css=&#8221;.vc_custom_1485446031871{margin-bottom: 0px !important;padding-top: 170px !important;padding-right: 15% !important;padding-bottom: 140px !important;padding-left: 15% !important;}&#8221; offset=&#8221;vc_col-lg-6 vc_col-md-6&#8243;][vc_column_text] Producci\u00f3 ecol\u00f2gica [\/vc_column_text][vc_single_image image=&#8221;4759&#8243; img_size=&#8221;medium&#8221; alignment=&#8221;center&#8221; el_id=&#8221;ccpae-img-logos&#8221;][vc_column_text] \u2014 Ens dediquem a l\u2019agricultura ecol\u00f2gica, per aix\u00f2 disposem de certificaci\u00f3 ECO [&hellip;]<\/p>\n","protected":false},"author":1,"featured_media":0,"parent":0,"menu_order":0,"comment_status":"closed","ping_status":"closed","template":"page-full-width.php","meta":{"footnotes":""},"yst_prominent_words":[103,91,104,105],"class_list":["post-6143","page","type-page","status-publish","hentry"],"_links":{"self":[{"href":"https:\/\/setasencasa.com\/ca\/wp-json\/wp\/v2\/pages\/6143","targetHints":{"allow":["GET"]}}],"collection":[{"href":"https:\/\/setasencasa.com\/ca\/wp-json\/wp\/v2\/pages"}],"about":[{"href":"https:\/\/setasencasa.com\/ca\/wp-json\/wp\/v2\/types\/page"}],"author":[{"embeddable":true,"href":"https:\/\/setasencasa.com\/ca\/wp-json\/wp\/v2\/users\/1"}],"replies":[{"embeddable":true,"href":"https:\/\/setasencasa.com\/ca\/wp-json\/wp\/v2\/comments?post=6143"}],"version-history":[{"count":24,"href":"https:\/\/setasencasa.com\/ca\/wp-json\/wp\/v2\/pages\/6143\/revisions"}],"predecessor-version":[{"id":8828,"href":"https:\/\/setasencasa.com\/ca\/wp-json\/wp\/v2\/pages\/6143\/revisions\/8828"}],"wp:attachment":[{"href":"https:\/\/setasencasa.com\/ca\/wp-json\/wp\/v2\/media?parent=6143"}],"wp:term":[{"taxonomy":"yst_prominent_words","embeddable":true,"href":"https:\/\/setasencasa.com\/ca\/wp-json\/wp\/v2\/yst_prominent_words?post=6143"}],"curies":[{"name":"wp","href":"https:\/\/api.w.org\/{rel}","templated":true}]}}