{"id":4614,"date":"2020-04-15T18:30:37","date_gmt":"2020-04-15T18:30:37","guid":{"rendered":"http:\/\/34.91.154.42\/?page_id=4614"},"modified":"2022-05-02T08:53:18","modified_gmt":"2022-05-02T08:53:18","slug":"botiga-de-maitake-fresc","status":"publish","type":"page","link":"https:\/\/setasencasa.com\/ca\/","title":{"rendered":"Botiga de Maitake fresc"},"content":{"rendered":"<section class=\"wpb-content-wrapper\"><p>[vc_row full_width=&#8221;stretch_row&#8221; full_height=&#8221;yes&#8221; equal_height=&#8221;yes&#8221; content_placement=&#8221;middle&#8221; parallax=&#8221;content-moving-fade&#8221; css=&#8221;.vc_custom_1614786001181{background-image: url(https:\/\/setasencasa.com\/wp-content\/uploads\/2020\/06\/maitake-bio-slider.jpg?id=6604) !important;background-position: center;background-repeat: no-repeat !important;background-size: cover !important;}&#8221;][vc_column][vc_row_inner][vc_column_inner width=&#8221;1\/12&#8243; offset=&#8221;vc_hidden-sm vc_hidden-xs&#8221;][\/vc_column_inner][vc_column_inner width=&#8221;9\/12&#8243; offset=&#8221;vc_hidden-sm vc_hidden-xs&#8221;][vc_empty_space height=&#8221;64px&#8221;][vc_column_text]<\/p>\n<h2 style=\"margin-bottom: 18px;\">Maitake fresc<br \/>\nde <span style=\"color: #86ba46;\">Cultiu Ecol\u00f2gic<\/span><\/h2>\n<p><span style=\"color: #000000;\">Bolet\/G\u00edrgola de castanyer <i>(Grifola frondosa)<\/i><br \/>\nBolet de <strong>QUALITAT EXTRA<\/strong><\/span>[\/vc_column_text][vc_single_image image=&#8221;4759&#8243; img_size=&#8221;150&#215;92&#8243; css_animation=&#8221;fadeIn&#8221;][\/vc_column_inner][vc_column_inner width=&#8221;1\/6&#8243; offset=&#8221;vc_hidden-sm vc_hidden-xs&#8221;][\/vc_column_inner][\/vc_row_inner][vc_row_inner][vc_column_inner offset=&#8221;vc_hidden-lg vc_hidden-md&#8221; css=&#8221;.vc_custom_1614786177857{background-color: rgba(255,255,255,0.8) !important;*background-color: rgb(255,255,255) !important;}&#8221;][vc_column_text]<\/p>\n<h2 style=\"margin-bottom: 18px; text-align: center;\">Maitake fresc<br \/>\nde <span style=\"color: #86ba46;\">Cultiu Ecol\u00f2gic<\/span><\/h2>\n<p style=\"text-align: center;\"><span style=\"color: #000000;\">Bolet\/G\u00edrgola de castanyer <i>(Grifola frondosa)<\/i><br \/>\nBolet de <strong>QUALITAT EXTRA<\/strong><\/span><\/p>\n<p>[\/vc_column_text][vc_single_image image=&#8221;4759&#8243; img_size=&#8221;150&#215;92&#8243; alignment=&#8221;center&#8221; style=&#8221;vc_box_border&#8221; border_color=&#8221;white&#8221; css_animation=&#8221;fadeIn&#8221; css=&#8221;.vc_custom_1614785947224{padding: 10px !important;}&#8221;][\/vc_column_inner][\/vc_row_inner][\/vc_column][\/vc_row][vc_row full_width=&#8221;stretch_row&#8221; full_height=&#8221;yes&#8221; content_placement=&#8221;middle&#8221; disable_element=&#8221;yes&#8221; css=&#8221;.vc_custom_1614786194640{background-image: url(https:\/\/setasencasa.com\/wp-content\/uploads\/2020\/06\/maitake-bio-slider.jpg?id=6604) !important;background-position: center !important;background-repeat: no-repeat !important;background-size: cover !important;}&#8221;][vc_column width=&#8221;1\/12&#8243; css=&#8221;.vc_custom_1587119540235{background-color: rgba(255,255,255,0.36) !important;*background-color: rgb(255,255,255) !important;}&#8221;][\/vc_column][vc_column width=&#8221;9\/12&#8243;][vc_column_text]<\/p>\n<h2 style=\"margin-bottom: 18px;\">Maitake fresc<br \/>\nde <span style=\"color: #86ba46;\">Cultiu Ecol\u00f2gic<\/span><\/h2>\n<p><span style=\"color: #000000;\">Bolet de castanyer <i>(Grifola frondosa)<\/i><br \/>\nBolet de <strong>QUALITAT EXTRA<\/strong><\/span>[\/vc_column_text][vc_single_image image=&#8221;4759&#8243; img_size=&#8221;150&#215;92&#8243; css_animation=&#8221;fadeIn&#8221;][\/vc_column][vc_column width=&#8221;1\/6&#8243;][\/vc_column][\/vc_row][vc_row full_width=&#8221;stretch_row&#8221; equal_height=&#8221;yes&#8221; content_placement=&#8221;middle&#8221; css=&#8221;.vc_custom_1614786494412{margin-bottom: 32px !important;background-position: center !important;background-repeat: no-repeat !important;background-size: cover !important;}&#8221;][vc_column width=&#8221;1\/4&#8243;][\/vc_column][vc_column css_animation=&#8221;fadeIn&#8221; width=&#8221;1\/2&#8243;][vc_empty_space height=&#8221;80px&#8221;][vc_column_text]<\/p>\n<h2 style=\"text-align: center;\">Venta directa de productor a particulars i professionals<\/h2>\n<p>[\/vc_column_text][vc_column_text]<\/p>\n<p class=\"p1\" style=\"text-align: center;\">Maitake fresc de primera qualitat, amb certificat ecol\u00f2gic CT\/2394\/PE i enviament refrigerat. Producte de proximitat cultivat amb fusta de castanyer i faig del Montseny.<\/p>\n<p>[\/vc_column_text][vc_empty_space]<p class=\"product woocommerce add_to_cart_inline \" style=\"border:4px solid #ccc; padding: 12px;\">From <span class=\"woocommerce-Price-amount amount\"><bdi>28.00<span class=\"woocommerce-Price-currencySymbol\">&euro;<\/span><\/bdi><\/span><a href=\"https:\/\/setasencasa.com\/ca\/comprar\/maitake-eco-fresc\/\" data-quantity=\"1\" class=\"button wp-element-button product_type_variable\" data-product_id=\"5239\" data-product_sku=\"mtk-000\" aria-label=\"Select options for &ldquo;Maitake eco fresc&rdquo;\" rel=\"nofollow\">Select options<\/a><\/p>[\/vc_column][vc_column width=&#8221;1\/4&#8243;][\/vc_column][\/vc_row][vc_row full_width=&#8221;stretch_row&#8221; equal_height=&#8221;yes&#8221; content_placement=&#8221;middle&#8221; css=&#8221;.vc_custom_1590509227831{margin-top: 64px !important;background-position: center !important;background-repeat: no-repeat !important;background-size: cover !important;}&#8221;][vc_column width=&#8221;1\/12&#8243;][\/vc_column][vc_column css_animation=&#8221;fadeIn&#8221; width=&#8221;4\/12&#8243;][vc_column_text]<\/p>\n<h3>Bolet eco<br \/>\nQUALITAT PRIMERA<\/h3>\n<p>[\/vc_column_text][vc_column_text]<\/p>\n<p class=\"p1\">El maitake (<em>Grifola frondosa<\/em>) \u00e9s un bolet <strong>TOP<\/strong> a la cuina. De textura ferma, aroma i sabor extraordinari. \u00danic! Amb una gran tradici\u00f3 a la cuina asi\u00e0tica, especialment al Jap\u00f3. Tamb\u00e9 al receptari aut\u00f2cton, molt apreciat als pobles del Montseny i conegut a casa nostra com a G\u00edrgola de castanyer.<\/p>\n<p class=\"p1\"><i class=\"fa fa-check\" style=\"padding-right: 4px; color: darkcyan; font-size: 115%;\"><\/i>Entrega del bolet acabat de collir, net i amb transport refrigerat.<\/p>\n<p class=\"p1\"> <i class=\"fa fa-check\" style=\"padding-right: 4px; color: darkcyan; font-size: 115%;\"><\/i>Cultivat seguint un model avan\u00e7at i condicions controlades.<\/p>\n<p class=\"p1\"><i class=\"fa fa-check\" style=\"padding-right: 4px; color: darkcyan; font-size: 115%;\"><\/i>Bolet \u00fanic al mercat.<\/p>\n<p>[\/vc_column_text][\/vc_column][vc_column width=&#8221;6\/12&#8243;][vc_single_image image=&#8221;6608&#8243; img_size=&#8221;full&#8221; css_animation=&#8221;fadeInRight&#8221;][\/vc_column][vc_column width=&#8221;1\/12&#8243;][\/vc_column][\/vc_row][vc_row full_width=&#8221;stretch_row_content&#8221; equal_height=&#8221;yes&#8221; content_placement=&#8221;middle&#8221; css=&#8221;.vc_custom_1590511146551{margin-bottom: 70px !important;}&#8221;][vc_column width=&#8221;7\/12&#8243;][vc_single_image image=&#8221;6611&#8243; img_size=&#8221;large&#8221; css_animation=&#8221;fadeInLeft&#8221;][\/vc_column][vc_column width=&#8221;4\/12&#8243;][vc_column_text]<\/p>\n<h3>Bolet aut\u00f2cton amb propietats reconegudes<\/h3>\n<div id=\"gtx-trans\" style=\"position: absolute; left: 377px; top: 43.7188px;\">\n<div class=\"gtx-trans-icon\"><\/div>\n<\/div>\n<p>[\/vc_column_text][vc_column_text css_animation=&#8221;none&#8221;]<\/p>\n<p class=\"p1\">La g\u00edrgola de castanyer \u00e9s un bolet aut\u00f2cton, amb tradici\u00f3 local per\u00f2 molt esc\u00e0s als nostres boscos. Els \u00faltims anys s\u2019ha incrementat el seu coneixement i consum, gr\u00e0cies sobretot a la globalitzaci\u00f3 de les cultures asi\u00e0tiques.<\/p>\n<p class=\"p1\">A m\u00e9s de les reconegudes qualitats gastron\u00f2miques, \u00e9s molt apreciat per les seves propietats medicinals. Diversos estudis semblen mostrar efectes anticancerosos, de modulaci\u00f3 de les defenses i reguladors del colesterol.<\/p>\n<p class=\"p1\">El maitake \u00e9s apreciat com a <strong>superaliment<\/strong>, i fresc \u00e9s la millor forma de consumir-lo.<\/p>\n<p>[\/vc_column_text][\/vc_column][vc_column width=&#8221;1\/12&#8243;][\/vc_column][\/vc_row][vc_row full_height=&#8221;yes&#8221; columns_placement=&#8221;bottom&#8221; css=&#8221;.vc_custom_1590508687309{padding-bottom: 150px !important;background: #20201f url(https:\/\/setasencasa.com\/wp-content\/uploads\/2020\/05\/maitake-bkg-2.jpg?id=6046) !important;background-position: center !important;background-repeat: no-repeat !important;background-size: cover !important;}&#8221;][vc_column][vc_empty_space height=&#8221;850px&#8221;][vc_column_text]<\/p>\n<h2 style=\"text-align: center;\"><span style=\"color: #ffffff;\">Maitake ECO fresc<\/span><\/h2>\n<p>[\/vc_column_text][vc_column_text]<\/p>\n<p style=\"text-align: center;\"><span style=\"color: #ffffff;\">Bolet acabat de collir, net i amb transport refrigerat.<br \/>\nCultivat als peus del Montseny amb fusta de castanyer.<\/span><\/p>\n<p>[\/vc_column_text]<p class=\"product woocommerce add_to_cart_inline \" style=\"border:4px solid #ccc; padding: 12px;\">From <span class=\"woocommerce-Price-amount amount\"><bdi>28.00<span class=\"woocommerce-Price-currencySymbol\">&euro;<\/span><\/bdi><\/span><a href=\"https:\/\/setasencasa.com\/ca\/comprar\/maitake-eco-fresc\/\" data-quantity=\"1\" class=\"button wp-element-button product_type_variable\" data-product_id=\"5239\" data-product_sku=\"mtk-000\" aria-label=\"Select options for &ldquo;Maitake eco fresc&rdquo;\" rel=\"nofollow\">Select options<\/a><\/p>[\/vc_column][\/vc_row][vc_row full_width=&#8221;stretch_row_content&#8221; equal_height=&#8221;yes&#8221; content_placement=&#8221;middle&#8221; css=&#8221;.vc_custom_1587488771335{margin-top: 70px !important;margin-bottom: 70px !important;}&#8221;][vc_column width=&#8221;1\/6&#8243;][\/vc_column][vc_column width=&#8221;1\/4&#8243;][vc_column_text css_animation=&#8221;fadeIn&#8221;]<\/p>\n<h3>Valor afegit<\/h3>\n<p>[\/vc_column_text][vc_column_text css_animation=&#8221;fadeIn&#8221;]<\/p>\n<p class=\"p1\"><i class=\"fa fa-leaf\" style=\"padding-right: 4px; color: darkcyan; font-size: 115%;\"><\/i> De producci\u00f3 ecol\u00f2gica. Certificat per CCPAE ES-ECO-019-CT Agricultura UE. Disponibilitat tot l\u2019any.<\/p>\n<p class=\"p1\"><i class=\"fa fa-tree\" style=\"padding-right: 4px; color: darkcyan; font-size: 115%;\"><\/i> Amb el cultiu de <em>Grifola frondosa<\/em> contribu\u00efm a mitigar la pressi\u00f3 que rep aquest fong al medi natural, on \u00e9s molt esc\u00e0s i cal preservar.<\/p>\n<p class=\"p1\"><i class=\"fa fa-users\" style=\"padding-right: 4px; color: darkcyan; font-size: 115%;\"><\/i> Producte amb valor social afegit, part del proc\u00e9s de producci\u00f3 el realitzen persones amb diversitat funcional (TebVerd).<\/p>\n<p>[\/vc_column_text][\/vc_column][vc_column width=&#8221;1\/12&#8243;][\/vc_column][vc_column width=&#8221;1\/2&#8243; offset=&#8221;vc_hidden-sm vc_hidden-xs&#8221;][vc_single_image image=&#8221;6615&#8243; img_size=&#8221;full&#8221; alignment=&#8221;right&#8221; css_animation=&#8221;slideInRight&#8221;][\/vc_column][\/vc_row][vc_row][vc_column][vc_empty_space][\/vc_column][\/vc_row]<\/p>\n<\/section>","protected":false},"excerpt":{"rendered":"<p>[vc_row full_width=&#8221;stretch_row&#8221; full_height=&#8221;yes&#8221; equal_height=&#8221;yes&#8221; content_placement=&#8221;middle&#8221; parallax=&#8221;content-moving-fade&#8221; css=&#8221;.vc_custom_1614786001181{background-image: url(https:\/\/setasencasa.com\/wp-content\/uploads\/2020\/06\/maitake-bio-slider.jpg?id=6604) !important;background-position: center;background-repeat: no-repeat !important;background-size: cover !important;}&#8221;][vc_column][vc_row_inner][vc_column_inner width=&#8221;1\/12&#8243; offset=&#8221;vc_hidden-sm vc_hidden-xs&#8221;][\/vc_column_inner][vc_column_inner width=&#8221;9\/12&#8243; offset=&#8221;vc_hidden-sm vc_hidden-xs&#8221;][vc_empty_space height=&#8221;64px&#8221;][vc_column_text] Maitake fresc de Cultiu Ecol\u00f2gic Bolet\/G\u00edrgola de castanyer (Grifola frondosa) Bolet de QUALITAT EXTRA[\/vc_column_text][vc_single_image image=&#8221;4759&#8243; img_size=&#8221;150&#215;92&#8243; css_animation=&#8221;fadeIn&#8221;][\/vc_column_inner][vc_column_inner width=&#8221;1\/6&#8243; offset=&#8221;vc_hidden-sm vc_hidden-xs&#8221;][\/vc_column_inner][\/vc_row_inner][vc_row_inner][vc_column_inner offset=&#8221;vc_hidden-lg vc_hidden-md&#8221; css=&#8221;.vc_custom_1614786177857{background-color: rgba(255,255,255,0.8) !important;*background-color: rgb(255,255,255) !important;}&#8221;][vc_column_text] Maitake fresc de Cultiu Ecol\u00f2gic Bolet\/G\u00edrgola de [&hellip;]<\/p>\n","protected":false},"author":1,"featured_media":0,"parent":0,"menu_order":0,"comment_status":"closed","ping_status":"closed","template":"page-full-width.php","meta":{"footnotes":""},"yst_prominent_words":[115,109,113,119,114,108,169,170,116,110,106,121,118,112,117,111,107],"class_list":["post-4614","page","type-page","status-publish","hentry"],"_links":{"self":[{"href":"https:\/\/setasencasa.com\/ca\/wp-json\/wp\/v2\/pages\/4614","targetHints":{"allow":["GET"]}}],"collection":[{"href":"https:\/\/setasencasa.com\/ca\/wp-json\/wp\/v2\/pages"}],"about":[{"href":"https:\/\/setasencasa.com\/ca\/wp-json\/wp\/v2\/types\/page"}],"author":[{"embeddable":true,"href":"https:\/\/setasencasa.com\/ca\/wp-json\/wp\/v2\/users\/1"}],"replies":[{"embeddable":true,"href":"https:\/\/setasencasa.com\/ca\/wp-json\/wp\/v2\/comments?post=4614"}],"version-history":[{"count":181,"href":"https:\/\/setasencasa.com\/ca\/wp-json\/wp\/v2\/pages\/4614\/revisions"}],"predecessor-version":[{"id":8838,"href":"https:\/\/setasencasa.com\/ca\/wp-json\/wp\/v2\/pages\/4614\/revisions\/8838"}],"wp:attachment":[{"href":"https:\/\/setasencasa.com\/ca\/wp-json\/wp\/v2\/media?parent=4614"}],"wp:term":[{"taxonomy":"yst_prominent_words","embeddable":true,"href":"https:\/\/setasencasa.com\/ca\/wp-json\/wp\/v2\/yst_prominent_words?post=4614"}],"curies":[{"name":"wp","href":"https:\/\/api.w.org\/{rel}","templated":true}]}}