{"id":3021,"date":"2019-07-09T19:07:46","date_gmt":"2019-07-09T19:07:46","guid":{"rendered":"http:\/\/34.91.154.42\/?page_id=3021"},"modified":"2020-12-19T16:44:25","modified_gmt":"2020-12-19T16:44:25","slug":"politica-de-privacitat","status":"publish","type":"page","link":"https:\/\/setasencasa.com\/ca\/politica-de-privacitat\/","title":{"rendered":"Pol\u00edtica de privacitat"},"content":{"rendered":"<section class=\"wpb-content-wrapper\"><p>[vc_row][vc_column][vc_column_text]<\/p>\n<p class=\"p1\"><b>INFORMACI\u00d3N SOBRE NUESTRA POL\u00cdTICA DE PROTECCI\u00d3N DE DATOS<\/b><\/p>\n<p class=\"p3\">De conformidad con el Reglamento General de Protecci\u00f3n de Datos le informamos a continuaci\u00f3n sobre el uso que realizamos de sus datos personales por parte de Maitake.bio (marca registrada propiedad de Treserras Multim\u00e8dia SL, en adelante Maitake.bio) durante la navegaci\u00f3n por nuestra p\u00e1gina web y nuestra tienda online <a href=\"https:\/\/setasencasa.com\"><span class=\"s1\">https:\/\/setasencasa.com<\/span><\/a><\/p>\n<p class=\"p4\"><b>INFORMACI\u00d3N SOBRE PROTECCI\u00d3N DE DATOS<\/b><\/p>\n<p class=\"p4\"><b>Responsable del tratamiento de sus datos<\/b><\/p>\n<p class=\"p3\">Identidad: Treserras Multim\u00e8dia SL \u2013 NIF: B66358680<br \/>\nDir. Postal: Mas el garete Nou sn, 08050, Els Hostalets de Baleny\u00e0. Barcelona, Spain.<br \/>\nTel\u00e9fono: +34 697 50 38 64<br \/>\nCorreo electr\u00f3nico: info@setasencasa.com<\/p>\n<p class=\"p4\"><b>Finalidad<\/b><\/p>\n<p class=\"p4\"><b>\u00bfCon qu\u00e9 finalidad tratamos sus datos personales?<\/b><\/p>\n<p class=\"p3\">En Maitake.bio tratamos los datos de nuestros visitantes y usuarios de nuestra p\u00e1gina web para:<br \/>\n\u2022 Atender sus solicitudes de informaci\u00f3n, mediante los datos que proporciona voluntariamente en los formularios de contacto habilitados en nuestra p\u00e1gina web.<br \/>\n\u2022 Gestionar el env\u00edo de informaci\u00f3n publicitaria sobre nuestros productos y boletines electr\u00f3nicos en el momento que usted se registre y se suscriba a estos servicios.<br \/>\n\u2022 Participar en encuestas con fines de investigaci\u00f3n y mejora de la calidad de nuestros productos y servicios.<br \/>\n\u2022 Notificarle cambios por v\u00eda electr\u00f3nica de nuestras condiciones legales.<br \/>\n\u2022 En el caso de realizar una compra a trav\u00e9s de nuestra tienda online, utilizaremos sus datos para gestionar el pedido, la facturaci\u00f3n, la entrega y cualquier tipo de devoluci\u00f3n, reclamaci\u00f3n u otro problema que pudiera surgir en su compra. Usted podr\u00e1 realizar su pedido con una cuenta de invitado o registrarse y crear una cuenta de cliente.<\/p>\n<p>En caso de realizar un pedido como \u201cInvitado\u201d, s\u00f3lo se utilizar\u00e1n sus datos obligatorios para tramitar el pedido y conservar los datos fiscales. Si usted desea crear una cuenta de cliente, mediante una contrase\u00f1a y su correo electr\u00f3nico, mantendremos los datos de su registro para facilitar futuras compras y que usted pueda acceder a su \u00e1rea de cliente. En cualquier momento podr\u00e1 darse de baja de su cuenta de cliente.<\/p>\n<p class=\"p3\">\u2022 La informaci\u00f3n sobre su tarjeta de cr\u00e9dito no se almacena en Maitake.bio sino directamente en la entidad financiera a trav\u00e9s de la que realiza el pago de sus compras.<br \/>\n\u2022 Asimismo tratamos datos an\u00f3nimos de nuestros visitantes mediante cookies que nos permiten obtener informaci\u00f3n para mejorar la experiencia del usuario y personalizar el contenido de la p\u00e1gina web tal y como se establece en nuestra Pol\u00edtica de Cookies.<\/p>\n<p class=\"p4\"><b>\u00bfPor cu\u00e1nto tiempo conservaremos sus datos?<\/b><\/p>\n<p class=\"p3\">\u2022 Los datos facilitados mediante formularios de contacto, participaci\u00f3n en alguna de las campa\u00f1as de Maitake.bio o encuesta de satisfacci\u00f3n se conservar\u00e1n de forma indefinida para las actividades de atenci\u00f3n, promoci\u00f3n y publicidad atendiendo en todo momento a los derechos que asiste a los usuarios de acuerdo con la ley.<br \/>\n\u2022 Los datos facilitados en su suscripci\u00f3n a boletines de noticias, novedades y ofertas de nuestros productos se conservar\u00e1n indefinidamente, pudiendo el usuario en todo momento tramitar su baja en la recepci\u00f3n de estas comunicaciones.<br \/>\n\u2022 En caso de realizar una compra en nuestra p\u00e1gina web los datos personales proporcionados se conservar\u00e1n durante los plazos previstos por la legislaci\u00f3n fiscal respecto a la prescripci\u00f3n de responsabilidades, atendiendo en todo momento a los derechos que asiste a los compradores de acuerdo con la ley.<br \/>\n\u2022 Las cookies instaladas por Maitake.bio tienen una duraci\u00f3n variable en funci\u00f3n de su tipo y finalidad tal y como se establece en la Pol\u00edtica de Cookies. El usuario podr\u00e1 mediante su navegador de internet, gestionar, borrar o bloquear las cookies.<\/p>\n<p class=\"p4\"><b>Legitimaci\u00f3n<\/b><\/p>\n<p class=\"p4\"><b>\u00bfCu\u00e1l es la legitimaci\u00f3n para el tratamiento de sus datos?<\/b><\/p>\n<p class=\"p3\">La base legal para el tratamiento de sus datos es su aceptaci\u00f3n de nuestros t\u00e9rminos legales establecidos en nuestra p\u00e1gina web y su libre voluntad de contactar con nosotros para solicitar informaci\u00f3n o suscribirse a un bolet\u00edn electr\u00f3nico de Maitake.bio. La base legal para el tratamiento de sus datos como comprador es su libre voluntad de adquirir un producto Maitake.bio y poder gestionar satisfactoriamente la relaci\u00f3n comercial entre nuestros clientes y Maitake.bio.<\/p>\n<p class=\"p3\">En cualquier momento que se soliciten datos personales de nuestros usuarios y previo a su env\u00edo, usted deber\u00e1 marcar obligatoriamente la casilla de verificaci\u00f3n que se\u00f1ala haber le\u00eddo, comprendido y estar de acuerdo con nuestra pol\u00edtica de protecci\u00f3n de datos. La legitimaci\u00f3n para el uso de cookies viene dada por su aceptaci\u00f3n inequ\u00edvoca en el momento de visitar por primera vez nuestra p\u00e1gina web mediante aviso mostrado al respecto.<\/p>\n<p class=\"p4\"><b>Destinatarios<\/b><\/p>\n<p class=\"p4\"><b>\u00bfA qu\u00e9 destinatarios se comunicar\u00e1n sus datos?<\/b><\/p>\n<p class=\"p3\">Los datos personales podr\u00e1n ser comunicados a:<br \/>\n1. Al personal interno de Maitake.bio. que pueda atender su solicitud de contacto o informaci\u00f3n de manera m\u00e1s r\u00e1pida y efectiva. 2. En el caso de realizar una compra online, sus datos identificativos y direcci\u00f3n ser\u00e1n facilitadas a la empresa transportista para su entrega.<br \/>\n3. Para la gesti\u00f3n de boletines electr\u00f3nicos o campa\u00f1as de marketing de Maitake.bio, agencias de marketing y comunicaci\u00f3n podr\u00e1n acceder a sus datos como Encargados de Tratamiento de sus datos para gestionar el servicio. Dichos Encargados han sido seleccionadas en base a su calidad, cumplimiento legal, firma de un contrato de protecci\u00f3n de datos con Maitake.bio y limitar\u00e1n el uso de sus datos \u00fanica y exclusivamente a la finalidad encomendada, siendo una vez finalizado el encargo devueltos a Maitake.bio.<\/p>\n<p class=\"p4\"><b>Derechos<\/b><\/p>\n<p class=\"p4\"><b>\u00bfCu\u00e1les son sus derechos cuando nos facilita sus datos?<\/b><\/p>\n<p class=\"p3\">1. Cualquier usuario tiene derecho a obtener confirmaci\u00f3n sobre si en Maitake.bio estamos tratando datos personales que les conciernen o no.<br \/>\n2. Tienen derecho a acceder a sus datos personales, as\u00ed como a solicitar la rectificaci\u00f3n de los datos inexactos o, en su caso, solicitar su supresi\u00f3n cuando entre otros motivos, los datos ya no sean necesarios para los fines que fueron recogidos.<br \/>\n3. En determinadas circunstancias, podr\u00e1n solicitar la limitaci\u00f3n del tratamiento de sus datos, en cuyo caso \u00fanicamente los conservaremos para el ejercicio o la defensa de reclamaciones.<br \/>\n4. En determinadas circunstancias y por motivos relacionados con su situaci\u00f3n particular, podr\u00e1n oponerse al tratamiento de sus datos. Maitake.bio dejar\u00e1 de tratar los datos, salvo por motivos leg\u00edtimos imperiosos, o el ejercicio o la defensa de posibles reclamaciones.<\/p>\n<p class=\"p4\"><b>C\u00f3mo puede ejercer sus derechos?<\/b><\/p>\n<p class=\"p3\">Puede gestionar sus altas y bajas de los servicios de Maitake.bio a los que est\u00e9 suscrito mediante los sistemas electr\u00f3nicos habilitados para cada uno de los canales de comunicaci\u00f3n. Asimismo puede ejercer sus derechos mediante solicitud escrita por correo postal o correo electr\u00f3nico, adjuntando fotocopia de su DNI a las direcciones indicadas en el apartado \u201cResponsable del tratamiento de sus datos\u201d.<\/p>\n<p class=\"p4\"><b>\u00bfC\u00f3mo puede realizar una reclamaci\u00f3n?<\/b><\/p>\n<p class=\"p3\">Los interesados podr\u00e1n dirigir sus reclamaciones a las Autoridades de protecci\u00f3n de datos en el caso de considerar vulnerados sus derechos en la forma en que Maitake.bio trata sus datos personales. Para ello puede dirigirse a la Agencia de Protecci\u00f3n de Datos C\/Jorge Juan 6, 28001 Madrid Tel. +34 913 996 200<\/p>\n<p class=\"p4\"><b>Seguridad<\/b><\/p>\n<p class=\"p4\"><b>\u00bfC\u00f3mo protegemos sus datos?<\/b><\/p>\n<p class=\"p3\">Maitake.bio ha tomado una serie de medidas de seguridad para proteger adecuadamente la informaci\u00f3n con la que trabaja que contenga datos de car\u00e1cter persona.<br \/>\nTodos los datos almacenados en Maitake.bio est\u00e1n protegidos por medidas f\u00edsicas, t\u00e9cnicas y organizativas para restringir el acceso a la informaci\u00f3n \u00fanicamente al personal y empresas autorizadas garantizando su integridad, disponibilidad y confidencialidad.<br \/>\nNuestra p\u00e1gina web utiliza un certificado de seguridad SSL para garantizar que los datos personales que env\u00edan a trav\u00e9s de la p\u00e1gina web se hace de forma encriptada, limitando los riesgos.<br \/>\nCualquier informaci\u00f3n que env\u00ede a este sitio web a trav\u00e9s de una conexi\u00f3n https se cifrar\u00e1 de forma segura con los algoritmos m\u00e1s potentes disponibles.<br \/>\nEl usuario debe de forma responsable vigilar y limitar el acceso a cualquier contrase\u00f1a de la que disponga para usar los servicios de Maitake.bio as\u00ed como modificarla peri\u00f3dicamente para evitar un uso indebido.<\/p>\n<div id=\"gtx-trans\" style=\"position: absolute; left: 308px; top: 366px;\">\n<div class=\"gtx-trans-icon\"><\/div>\n<\/div>\n<p>[\/vc_column_text][\/vc_column][\/vc_row]<\/p>\n<\/section>","protected":false},"excerpt":{"rendered":"<p>[vc_row][vc_column][vc_column_text] INFORMACI\u00d3N SOBRE NUESTRA POL\u00cdTICA DE PROTECCI\u00d3N DE DATOS De conformidad con el Reglamento General de Protecci\u00f3n de Datos le informamos a continuaci\u00f3n sobre el uso que realizamos de sus datos personales por parte de Maitake.bio (marca registrada propiedad de Treserras Multim\u00e8dia SL, en adelante Maitake.bio) durante la navegaci\u00f3n por nuestra p\u00e1gina web y nuestra [&hellip;]<\/p>\n","protected":false},"author":1,"featured_media":0,"parent":0,"menu_order":0,"comment_status":"closed","ping_status":"closed","template":"","meta":{"footnotes":""},"yst_prominent_words":[],"class_list":["post-3021","page","type-page","status-publish","hentry"],"_links":{"self":[{"href":"https:\/\/setasencasa.com\/ca\/wp-json\/wp\/v2\/pages\/3021","targetHints":{"allow":["GET"]}}],"collection":[{"href":"https:\/\/setasencasa.com\/ca\/wp-json\/wp\/v2\/pages"}],"about":[{"href":"https:\/\/setasencasa.com\/ca\/wp-json\/wp\/v2\/types\/page"}],"author":[{"embeddable":true,"href":"https:\/\/setasencasa.com\/ca\/wp-json\/wp\/v2\/users\/1"}],"replies":[{"embeddable":true,"href":"https:\/\/setasencasa.com\/ca\/wp-json\/wp\/v2\/comments?post=3021"}],"version-history":[{"count":6,"href":"https:\/\/setasencasa.com\/ca\/wp-json\/wp\/v2\/pages\/3021\/revisions"}],"predecessor-version":[{"id":8716,"href":"https:\/\/setasencasa.com\/ca\/wp-json\/wp\/v2\/pages\/3021\/revisions\/8716"}],"wp:attachment":[{"href":"https:\/\/setasencasa.com\/ca\/wp-json\/wp\/v2\/media?parent=3021"}],"wp:term":[{"taxonomy":"yst_prominent_words","embeddable":true,"href":"https:\/\/setasencasa.com\/ca\/wp-json\/wp\/v2\/yst_prominent_words?post=3021"}],"curies":[{"name":"wp","href":"https:\/\/api.w.org\/{rel}","templated":true}]}}